{"id":88,"date":"2025-12-20T13:59:47","date_gmt":"2025-12-20T13:59:47","guid":{"rendered":"https:\/\/apartamentplywaczka.pl\/?page_id=88"},"modified":"2026-01-03T20:57:15","modified_gmt":"2026-01-03T20:57:15","slug":"hausordnung","status":"publish","type":"page","link":"https:\/\/apartamentplywaczka.pl\/de\/hausordnung\/","title":{"rendered":"Hausordnung"},"content":{"rendered":"\n<p>Liebe G\u00e4ste, bitte machen Sie sich mit den folgenden Regeln vertraut, um Komfort und Sicherheit f\u00fcr uns alle zu gew\u00e4hrleisten.<\/p>\n\n\n\n<p><strong>1. An- und Abreise<\/strong><\/p>\n\n\n\n<ul class=\"wp-block-list\">\n<li><strong>Anreise (Check-in):<\/strong> ab 14:00 Uhr.<\/li>\n\n\n\n<li><strong>Abreise (Check-out):<\/strong> bis 11:00 Uhr am Abreisetag.<\/li>\n<\/ul>\n\n\n\n<p><strong>2. Nachtruhe<\/strong> Bitte halten Sie aus R\u00fccksicht auf die Nachbarn die Nachtruhe von <strong>22:00 bis 6:00 Uhr<\/strong> ein. Im Apartment gilt ein striktes Verbot f\u00fcr Partys und Veranstaltungen.<\/p>\n\n\n\n<p><strong>3. Rauchverbot<\/strong> Im gesamten Apartment gilt ein <strong>absolutes Rauchverbot<\/strong> (dies gilt auch f\u00fcr E-Zigaretten). Bei Versto\u00df gegen dieses Verbot wird eine Geb\u00fchr f\u00fcr die Ozonbehandlung in H\u00f6he von <strong>380 PLN<\/strong> erhoben.<\/p>\n\n\n\n<p><strong>4. Sicherheit<\/strong> Bitte schlie\u00dfen Sie bei jedem Verlassen des Apartments alle Fenster und die Eingangst\u00fcr ab. Der Vermieter haftet nicht f\u00fcr im Objekt zur\u00fcckgelassene Wertsachen.<\/p>\n\n\n\n<p><strong>5. Sch\u00e4den<\/strong> Der Gast haftet in vollem Umfang f\u00fcr alle durch sein Verschulden verursachten Sch\u00e4den an der Ausstattung und den technischen Ger\u00e4ten. Bitte melden Sie jegliche Sch\u00e4den unverz\u00fcglich dem Gastgeber.<\/p>\n\n\n\n<p><strong>6. Haustiere<\/strong> Haustiere sind nicht gestattet.<\/p>\n\n\n\n<p>Wir w\u00fcnschen Ihnen einen angenehmen Aufenthalt in Ko\u0142obrzeg! <strong>Ihr Team vom Apartment P\u0142ywaczka<\/strong><\/p>\n","protected":false},"excerpt":{"rendered":"<p>Liebe G\u00e4ste, bitte machen Sie sich mit den folgenden Regeln vertraut, um Komfort und Sicherheit f\u00fcr uns alle zu gew\u00e4hrleisten. 1. An- und Abreise 2. Nachtruhe Bitte halten Sie aus R\u00fccksicht auf die Nachbarn die Nachtruhe von 22:00 bis 6:00 Uhr ein. Im Apartment gilt ein striktes Verbot f\u00fcr Partys und Veranstaltungen. 3. Rauchverbot Im &hellip;<\/p>\n","protected":false},"author":1,"featured_media":0,"parent":0,"menu_order":0,"comment_status":"closed","ping_status":"closed","template":"","meta":{"footnotes":""},"class_list":["post-88","page","type-page","status-publish","hentry"],"acf":[],"_links":{"self":[{"href":"https:\/\/apartamentplywaczka.pl\/de\/wp-json\/wp\/v2\/pages\/88","targetHints":{"allow":["GET"]}}],"collection":[{"href":"https:\/\/apartamentplywaczka.pl\/de\/wp-json\/wp\/v2\/pages"}],"about":[{"href":"https:\/\/apartamentplywaczka.pl\/de\/wp-json\/wp\/v2\/types\/page"}],"author":[{"embeddable":true,"href":"https:\/\/apartamentplywaczka.pl\/de\/wp-json\/wp\/v2\/users\/1"}],"replies":[{"embeddable":true,"href":"https:\/\/apartamentplywaczka.pl\/de\/wp-json\/wp\/v2\/comments?post=88"}],"version-history":[{"count":1,"href":"https:\/\/apartamentplywaczka.pl\/de\/wp-json\/wp\/v2\/pages\/88\/revisions"}],"predecessor-version":[{"id":89,"href":"https:\/\/apartamentplywaczka.pl\/de\/wp-json\/wp\/v2\/pages\/88\/revisions\/89"}],"wp:attachment":[{"href":"https:\/\/apartamentplywaczka.pl\/de\/wp-json\/wp\/v2\/media?parent=88"}],"curies":[{"name":"wp","href":"https:\/\/api.w.org\/{rel}","templated":true}]}}