{"id":148,"date":"2025-12-17T23:33:08","date_gmt":"2025-12-17T23:33:08","guid":{"rendered":"https:\/\/apartamentplywaczka.pl\/?page_id=148"},"modified":"2026-01-03T23:44:24","modified_gmt":"2026-01-03T23:44:24","slug":"apartment-plywaczka","status":"publish","type":"page","link":"https:\/\/apartamentplywaczka.pl\/de\/","title":{"rendered":"Apartment P\u0142ywaczka"},"content":{"rendered":"\n<div class=\"wp-block-group container\"><div class=\"wp-block-group__inner-container is-layout-constrained wp-block-group-is-layout-constrained\">\n<div class=\"wp-block-columns are-vertically-aligned-center is-layout-flex wp-container-core-columns-is-layout-9d6595d7 wp-block-columns-is-layout-flex\">\n<div class=\"wp-block-column is-vertically-aligned-center is-layout-flow wp-block-column-is-layout-flow\">\n<h1 class=\"wp-block-heading\">Apartment P\u0142ywaczka<\/h1>\n\n\n\n<h2 class=\"wp-block-heading\">Der Freiraum, den Sie suchen<\/h2>\n\n\n\n<p>Willkommen im \u201eP\u0142ywaczka\u201c \u2013 einem Apartment, das speziell f\u00fcr anspruchsvolle G\u00e4ste entworfen wurde. Auf 50 Quadratmetern verbinden wir h\u00e4usliche Behaglichkeit mit Hotelstandard.<\/p>\n\n\n\n<p>Zu Ihrer Verf\u00fcgung stehen ein ger\u00e4umiges Schlafzimmer, das einen ruhigen Schlaf garantiert, sowie ein helles Wohnzimmer \u2013 ideal f\u00fcr die abendliche Entspannung. Ein wichtiges Detail: Die K\u00fcche ist vom Wohnbereich getrennt, was f\u00fcr vollen Komfort bei der Zubereitung von Mahlzeiten sorgt, ohne die Ruhe im Wohnzimmer zu st\u00f6ren.<\/p>\n<\/div>\n\n\n\n<div class=\"wp-block-column is-vertically-aligned-center is-layout-flow wp-block-column-is-layout-flow\">\n<figure class=\"wp-block-image size-large\"><img loading=\"lazy\" decoding=\"async\" width=\"768\" height=\"1024\" src=\"https:\/\/apartamentplywaczka.pl\/wp-content\/uploads\/2025\/12\/nocleg-kolobrzeg-768x1024.jpg\" alt=\"\" class=\"wp-image-16\" srcset=\"https:\/\/apartamentplywaczka.pl\/wp-content\/uploads\/2025\/12\/nocleg-kolobrzeg-768x1024.jpg 768w, https:\/\/apartamentplywaczka.pl\/wp-content\/uploads\/2025\/12\/nocleg-kolobrzeg-225x300.jpg 225w, https:\/\/apartamentplywaczka.pl\/wp-content\/uploads\/2025\/12\/nocleg-kolobrzeg.jpg 1000w\" sizes=\"auto, (max-width: 768px) 100vw, 768px\" \/><\/figure>\n<\/div>\n<\/div>\n<\/div><\/div>\n\n\n\n<div class=\"wp-block-group smoke-container\"><div class=\"wp-block-group__inner-container is-layout-constrained wp-block-group-is-layout-constrained\">\n<h2 class=\"wp-block-heading has-text-align-center\">Mehr als nur eine Unterkunft<\/h2>\n\n\n\n<div class=\"wp-block-columns is-layout-flex wp-container-core-columns-is-layout-9d6595d7 wp-block-columns-is-layout-flex\">\n<div class=\"wp-block-column is-layout-flow wp-block-column-is-layout-flow\">\n<div class=\"wp-block-columns is-layout-flex wp-container-core-columns-is-layout-9d6595d7 wp-block-columns-is-layout-flex\">\n<div class=\"wp-block-column is-layout-flow wp-block-column-is-layout-flow\">\n<figure class=\"wp-block-image size-full icons-style\"><img loading=\"lazy\" decoding=\"async\" width=\"300\" height=\"300\" src=\"https:\/\/apartamentplywaczka.pl\/wp-content\/uploads\/2025\/12\/sunbef.png\" alt=\"\" class=\"wp-image-60\" srcset=\"https:\/\/apartamentplywaczka.pl\/wp-content\/uploads\/2025\/12\/sunbef.png 300w, https:\/\/apartamentplywaczka.pl\/wp-content\/uploads\/2025\/12\/sunbef-150x150.png 150w\" sizes=\"auto, (max-width: 300px) 100vw, 300px\" \/><\/figure>\n\n\n\n<p class=\"has-text-align-center\"><strong>Strandausr\u00fcstung inklusive<\/strong><\/p>\n\n\n\n<p class=\"has-text-align-center\">Machen Sie sich keine Sorgen um Ihr Gep\u00e4ck. Hier warten bequeme Liegest\u00fchle auf Sie, bereit f\u00fcr den Strandbesuch.<\/p>\n<\/div>\n\n\n\n<div class=\"wp-block-column is-layout-flow wp-block-column-is-layout-flow\">\n<figure class=\"wp-block-image size-full icons-style\"><img loading=\"lazy\" decoding=\"async\" width=\"300\" height=\"300\" src=\"https:\/\/apartamentplywaczka.pl\/wp-content\/uploads\/2025\/12\/bicycle.png\" alt=\"\" class=\"wp-image-58\" srcset=\"https:\/\/apartamentplywaczka.pl\/wp-content\/uploads\/2025\/12\/bicycle.png 300w, https:\/\/apartamentplywaczka.pl\/wp-content\/uploads\/2025\/12\/bicycle-150x150.png 150w\" sizes=\"auto, (max-width: 300px) 100vw, 300px\" \/><\/figure>\n\n\n\n<p class=\"has-text-align-center\"><strong>Fahrr\u00e4der f\u00fcr G\u00e4ste<\/strong><\/p>\n\n\n\n<p class=\"has-text-align-center\">Erkunden Sie Kolberg aktiv! Zwei Citybikes stehen Ihnen im Preis inbegriffen zur Verf\u00fcgung. Der Radweg R10 wartet schon.<\/p>\n<\/div>\n<\/div>\n<\/div>\n\n\n\n<div class=\"wp-block-column is-layout-flow wp-block-column-is-layout-flow\">\n<div class=\"wp-block-columns is-layout-flex wp-container-core-columns-is-layout-9d6595d7 wp-block-columns-is-layout-flex\">\n<div class=\"wp-block-column is-layout-flow wp-block-column-is-layout-flow\">\n<figure class=\"wp-block-image size-full icons-style\"><img loading=\"lazy\" decoding=\"async\" width=\"300\" height=\"300\" src=\"https:\/\/apartamentplywaczka.pl\/wp-content\/uploads\/2025\/12\/kitchen.png\" alt=\"\" class=\"wp-image-59\" srcset=\"https:\/\/apartamentplywaczka.pl\/wp-content\/uploads\/2025\/12\/kitchen.png 300w, https:\/\/apartamentplywaczka.pl\/wp-content\/uploads\/2025\/12\/kitchen-150x150.png 150w\" sizes=\"auto, (max-width: 300px) 100vw, 300px\" \/><\/figure>\n\n\n\n<p class=\"has-text-align-center\"><strong>Voll ausgestattete K\u00fcche<\/strong><\/p>\n\n\n\n<p class=\"has-text-align-center\">Eine separate K\u00fcche mit Komplettausstattung (Geschirrsp\u00fcler, Kaffeemaschine, Kochfeld), damit Sie sich wie zu Hause f\u00fchlen.<\/p>\n<\/div>\n\n\n\n<div class=\"wp-block-column is-layout-flow wp-block-column-is-layout-flow\">\n<figure class=\"wp-block-image size-full icons-style\"><img loading=\"lazy\" decoding=\"async\" width=\"300\" height=\"300\" src=\"https:\/\/apartamentplywaczka.pl\/wp-content\/uploads\/2025\/12\/wifi.png\" alt=\"\" class=\"wp-image-61\" srcset=\"https:\/\/apartamentplywaczka.pl\/wp-content\/uploads\/2025\/12\/wifi.png 300w, https:\/\/apartamentplywaczka.pl\/wp-content\/uploads\/2025\/12\/wifi-150x150.png 150w\" sizes=\"auto, (max-width: 300px) 100vw, 300px\" \/><\/figure>\n\n\n\n<p class=\"has-text-align-center\"><strong>Multimedia und Arbeit<\/strong><\/p>\n\n\n\n<p class=\"has-text-align-center\">Schnelles WLAN und ein Fernseher mit vielen Kan\u00e4len, falls das Wetter mal zum Drinnenbleiben einl\u00e4dt.<\/p>\n<\/div>\n<\/div>\n<\/div>\n<\/div>\n<\/div><\/div>\n","protected":false},"excerpt":{"rendered":"<p>Apartment P\u0142ywaczka Der Freiraum, den Sie suchen Willkommen im \u201eP\u0142ywaczka\u201c \u2013 einem Apartment, das speziell f\u00fcr anspruchsvolle G\u00e4ste entworfen wurde. Auf 50 Quadratmetern verbinden wir h\u00e4usliche Behaglichkeit mit Hotelstandard. Zu Ihrer Verf\u00fcgung stehen ein ger\u00e4umiges Schlafzimmer, das einen ruhigen Schlaf garantiert, sowie ein helles Wohnzimmer \u2013 ideal f\u00fcr die abendliche Entspannung. Ein wichtiges Detail: Die &hellip;<\/p>\n","protected":false},"author":1,"featured_media":0,"parent":0,"menu_order":0,"comment_status":"closed","ping_status":"closed","template":"front-page.php","meta":{"footnotes":""},"class_list":["post-148","page","type-page","status-publish","hentry"],"acf":[],"_links":{"self":[{"href":"https:\/\/apartamentplywaczka.pl\/de\/wp-json\/wp\/v2\/pages\/148","targetHints":{"allow":["GET"]}}],"collection":[{"href":"https:\/\/apartamentplywaczka.pl\/de\/wp-json\/wp\/v2\/pages"}],"about":[{"href":"https:\/\/apartamentplywaczka.pl\/de\/wp-json\/wp\/v2\/types\/page"}],"author":[{"embeddable":true,"href":"https:\/\/apartamentplywaczka.pl\/de\/wp-json\/wp\/v2\/users\/1"}],"replies":[{"embeddable":true,"href":"https:\/\/apartamentplywaczka.pl\/de\/wp-json\/wp\/v2\/comments?post=148"}],"version-history":[{"count":2,"href":"https:\/\/apartamentplywaczka.pl\/de\/wp-json\/wp\/v2\/pages\/148\/revisions"}],"predecessor-version":[{"id":151,"href":"https:\/\/apartamentplywaczka.pl\/de\/wp-json\/wp\/v2\/pages\/148\/revisions\/151"}],"wp:attachment":[{"href":"https:\/\/apartamentplywaczka.pl\/de\/wp-json\/wp\/v2\/media?parent=148"}],"curies":[{"name":"wp","href":"https:\/\/api.w.org\/{rel}","templated":true}]}}